{"id":4330,"date":"2022-04-19T15:06:27","date_gmt":"2022-04-19T20:06:27","guid":{"rendered":"https:\/\/greatnazcatours.com\/?page_id=4330"},"modified":"2026-02-08T19:59:06","modified_gmt":"2026-02-09T00:59:06","slug":"contactenos","status":"publish","type":"page","link":"https:\/\/greatnazcatours.com\/es\/contactenos\/","title":{"rendered":"Contactenos"},"content":{"rendered":"\n<p class=\"has-text-align-left\">Great Nazca Tours cuenta con una oficina principal en la ciudad de Nasca, Puede contactar con nosotros por<a href=\"mailto:info@greatnazcatours.com\"> correo electr\u00f3nico<\/a> en horario de oficina 09:00 hasta 18:00 de lunes a domingo.. Alternativamente, usted puede dejar un mensaje via whatsapp y llamadas y le responderemos en el transcurso del dia.<\/p>\n\n\n\n<h2 class=\"wp-block-heading has-text-align-left\">Planificador de Viajes<\/h2>\n\n\n\n<p class=\"has-text-align-left\"><span title=\"Por favor completa el siguiente formulario tan completamente como sea posible para que podamos sugerir itinerarios para que incluir\u00e1 los lugares y actividades que usted querr\u00e1 hacer su viaje muy especial.\">Por favor llene el siguiente formulario tan completo como sea posible para que podamos sugerir itinerarios e incluir los lugares y actividades que desee de manera que usted haga su viaje especial. Nota: Todos los campos son requeridos.<\/span><\/p>\n","protected":false},"excerpt":{"rendered":"<p>Great Nazca Tours cuenta con una oficina principal en la ciudad de Nasca, Puede contactar con nosotros por correo electr\u00f3nico en horario de oficina 09:00 hasta 18:00 de lunes a domingo.. Alternativamente, usted puede dejar un mensaje via whatsapp y llamadas y le responderemos en el transcurso del dia. Planificador de Viajes Por favor llene [&hellip;]<\/p>\n","protected":false},"author":1,"featured_media":3821,"parent":0,"menu_order":0,"comment_status":"closed","ping_status":"closed","template":"templates\/contacto.php","meta":{"_acf_changed":false,"footnotes":""},"class_list":["post-4330","page","type-page","status-publish","has-post-thumbnail","hentry"],"acf":[],"yoast_head":"<!-- This site is optimized with the Yoast SEO plugin v27.3 - https:\/\/yoast.com\/product\/yoast-seo-wordpress\/ -->\n<title>Cont\u00e1ctanos | Great Nazca Tours<\/title>\n<meta name=\"description\" content=\"Cont\u00e1ctanos para organizar tu tour privado desde Lima hacia Nazca, Paracas, Lima o Machu Picchu. Reciba atenci\u00f3n y r\u00e1pida respuesta.\" \/>\n<meta name=\"robots\" content=\"index, follow, max-snippet:-1, max-image-preview:large, max-video-preview:-1\" \/>\n<link rel=\"canonical\" href=\"https:\/\/greatnazcatours.com\/es\/contactenos\/\" \/>\n<meta property=\"og:locale\" content=\"es_ES\" \/>\n<meta property=\"og:type\" content=\"article\" \/>\n<meta property=\"og:title\" content=\"Cont\u00e1ctanos | Great Nazca Tours\" \/>\n<meta property=\"og:description\" content=\"Cont\u00e1ctanos para organizar tu tour privado desde Lima hacia Nazca, Paracas, Lima o Machu Picchu. Reciba atenci\u00f3n y r\u00e1pida respuesta.\" \/>\n<meta property=\"og:url\" content=\"https:\/\/greatnazcatours.com\/es\/contactenos\/\" \/>\n<meta property=\"og:site_name\" content=\"Great Nazca Tours\" \/>\n<meta property=\"article:modified_time\" content=\"2026-02-09T00:59:06+00:00\" \/>\n<meta property=\"og:image\" content=\"https:\/\/greatnazcatours.com\/wp-content\/uploads\/2019\/05\/Sand-Dunes.jpg\" \/>\n\t<meta property=\"og:image:width\" content=\"1024\" \/>\n\t<meta property=\"og:image:height\" content=\"683\" \/>\n\t<meta property=\"og:image:type\" content=\"image\/jpeg\" \/>\n<meta name=\"twitter:card\" content=\"summary_large_image\" \/>\n<meta name=\"twitter:label1\" content=\"Tiempo de lectura\" \/>\n\t<meta name=\"twitter:data1\" content=\"1 minuto\" \/>\n<script type=\"application\/ld+json\" class=\"yoast-schema-graph\">{\"@context\":\"https:\\\/\\\/schema.org\",\"@graph\":[{\"@type\":\"WebPage\",\"@id\":\"https:\\\/\\\/greatnazcatours.com\\\/es\\\/contactenos\\\/\",\"url\":\"https:\\\/\\\/greatnazcatours.com\\\/es\\\/contactenos\\\/\",\"name\":\"Cont\u00e1ctanos | Great Nazca Tours\",\"isPartOf\":{\"@id\":\"https:\\\/\\\/greatnazcatours.com\\\/es\\\/#website\"},\"primaryImageOfPage\":{\"@id\":\"https:\\\/\\\/greatnazcatours.com\\\/es\\\/contactenos\\\/#primaryimage\"},\"image\":{\"@id\":\"https:\\\/\\\/greatnazcatours.com\\\/es\\\/contactenos\\\/#primaryimage\"},\"thumbnailUrl\":\"https:\\\/\\\/greatnazcatours.com\\\/wp-content\\\/uploads\\\/2019\\\/05\\\/Sand-Dunes.jpg\",\"datePublished\":\"2022-04-19T20:06:27+00:00\",\"dateModified\":\"2026-02-09T00:59:06+00:00\",\"description\":\"Cont\u00e1ctanos para organizar tu tour privado desde Lima hacia Nazca, Paracas, Lima o Machu Picchu. Reciba atenci\u00f3n y r\u00e1pida respuesta.\",\"breadcrumb\":{\"@id\":\"https:\\\/\\\/greatnazcatours.com\\\/es\\\/contactenos\\\/#breadcrumb\"},\"inLanguage\":\"es\",\"potentialAction\":[{\"@type\":\"ReadAction\",\"target\":[\"https:\\\/\\\/greatnazcatours.com\\\/es\\\/contactenos\\\/\"]}]},{\"@type\":\"ImageObject\",\"inLanguage\":\"es\",\"@id\":\"https:\\\/\\\/greatnazcatours.com\\\/es\\\/contactenos\\\/#primaryimage\",\"url\":\"https:\\\/\\\/greatnazcatours.com\\\/wp-content\\\/uploads\\\/2019\\\/05\\\/Sand-Dunes.jpg\",\"contentUrl\":\"https:\\\/\\\/greatnazcatours.com\\\/wp-content\\\/uploads\\\/2019\\\/05\\\/Sand-Dunes.jpg\",\"width\":1024,\"height\":683,\"caption\":\"Huacachina Sand dune\"},{\"@type\":\"BreadcrumbList\",\"@id\":\"https:\\\/\\\/greatnazcatours.com\\\/es\\\/contactenos\\\/#breadcrumb\",\"itemListElement\":[{\"@type\":\"ListItem\",\"position\":1,\"name\":\"Home\",\"item\":\"https:\\\/\\\/greatnazcatours.com\\\/es\\\/\"},{\"@type\":\"ListItem\",\"position\":2,\"name\":\"Contactenos\"}]},{\"@type\":\"WebSite\",\"@id\":\"https:\\\/\\\/greatnazcatours.com\\\/es\\\/#website\",\"url\":\"https:\\\/\\\/greatnazcatours.com\\\/es\\\/\",\"name\":\"Great Nazca Tours\",\"description\":\"Just another WordPress site\",\"potentialAction\":[{\"@type\":\"SearchAction\",\"target\":{\"@type\":\"EntryPoint\",\"urlTemplate\":\"https:\\\/\\\/greatnazcatours.com\\\/es\\\/?s={search_term_string}\"},\"query-input\":{\"@type\":\"PropertyValueSpecification\",\"valueRequired\":true,\"valueName\":\"search_term_string\"}}],\"inLanguage\":\"es\"}]}<\/script>\n<!-- \/ Yoast SEO plugin. -->","yoast_head_json":{"title":"Cont\u00e1ctanos | Great Nazca Tours","description":"Cont\u00e1ctanos para organizar tu tour privado desde Lima hacia Nazca, Paracas, Lima o Machu Picchu. Reciba atenci\u00f3n y r\u00e1pida respuesta.","robots":{"index":"index","follow":"follow","max-snippet":"max-snippet:-1","max-image-preview":"max-image-preview:large","max-video-preview":"max-video-preview:-1"},"canonical":"https:\/\/greatnazcatours.com\/es\/contactenos\/","og_locale":"es_ES","og_type":"article","og_title":"Cont\u00e1ctanos | Great Nazca Tours","og_description":"Cont\u00e1ctanos para organizar tu tour privado desde Lima hacia Nazca, Paracas, Lima o Machu Picchu. Reciba atenci\u00f3n y r\u00e1pida respuesta.","og_url":"https:\/\/greatnazcatours.com\/es\/contactenos\/","og_site_name":"Great Nazca Tours","article_modified_time":"2026-02-09T00:59:06+00:00","og_image":[{"width":1024,"height":683,"url":"https:\/\/greatnazcatours.com\/wp-content\/uploads\/2019\/05\/Sand-Dunes.jpg","type":"image\/jpeg"}],"twitter_card":"summary_large_image","twitter_misc":{"Tiempo de lectura":"1 minuto"},"schema":{"@context":"https:\/\/schema.org","@graph":[{"@type":"WebPage","@id":"https:\/\/greatnazcatours.com\/es\/contactenos\/","url":"https:\/\/greatnazcatours.com\/es\/contactenos\/","name":"Cont\u00e1ctanos | Great Nazca Tours","isPartOf":{"@id":"https:\/\/greatnazcatours.com\/es\/#website"},"primaryImageOfPage":{"@id":"https:\/\/greatnazcatours.com\/es\/contactenos\/#primaryimage"},"image":{"@id":"https:\/\/greatnazcatours.com\/es\/contactenos\/#primaryimage"},"thumbnailUrl":"https:\/\/greatnazcatours.com\/wp-content\/uploads\/2019\/05\/Sand-Dunes.jpg","datePublished":"2022-04-19T20:06:27+00:00","dateModified":"2026-02-09T00:59:06+00:00","description":"Cont\u00e1ctanos para organizar tu tour privado desde Lima hacia Nazca, Paracas, Lima o Machu Picchu. Reciba atenci\u00f3n y r\u00e1pida respuesta.","breadcrumb":{"@id":"https:\/\/greatnazcatours.com\/es\/contactenos\/#breadcrumb"},"inLanguage":"es","potentialAction":[{"@type":"ReadAction","target":["https:\/\/greatnazcatours.com\/es\/contactenos\/"]}]},{"@type":"ImageObject","inLanguage":"es","@id":"https:\/\/greatnazcatours.com\/es\/contactenos\/#primaryimage","url":"https:\/\/greatnazcatours.com\/wp-content\/uploads\/2019\/05\/Sand-Dunes.jpg","contentUrl":"https:\/\/greatnazcatours.com\/wp-content\/uploads\/2019\/05\/Sand-Dunes.jpg","width":1024,"height":683,"caption":"Huacachina Sand dune"},{"@type":"BreadcrumbList","@id":"https:\/\/greatnazcatours.com\/es\/contactenos\/#breadcrumb","itemListElement":[{"@type":"ListItem","position":1,"name":"Home","item":"https:\/\/greatnazcatours.com\/es\/"},{"@type":"ListItem","position":2,"name":"Contactenos"}]},{"@type":"WebSite","@id":"https:\/\/greatnazcatours.com\/es\/#website","url":"https:\/\/greatnazcatours.com\/es\/","name":"Great Nazca Tours","description":"Just another WordPress site","potentialAction":[{"@type":"SearchAction","target":{"@type":"EntryPoint","urlTemplate":"https:\/\/greatnazcatours.com\/es\/?s={search_term_string}"},"query-input":{"@type":"PropertyValueSpecification","valueRequired":true,"valueName":"search_term_string"}}],"inLanguage":"es"}]}},"_links":{"self":[{"href":"https:\/\/greatnazcatours.com\/es\/wp-json\/wp\/v2\/pages\/4330","targetHints":{"allow":["GET"]}}],"collection":[{"href":"https:\/\/greatnazcatours.com\/es\/wp-json\/wp\/v2\/pages"}],"about":[{"href":"https:\/\/greatnazcatours.com\/es\/wp-json\/wp\/v2\/types\/page"}],"author":[{"embeddable":true,"href":"https:\/\/greatnazcatours.com\/es\/wp-json\/wp\/v2\/users\/1"}],"replies":[{"embeddable":true,"href":"https:\/\/greatnazcatours.com\/es\/wp-json\/wp\/v2\/comments?post=4330"}],"version-history":[{"count":17,"href":"https:\/\/greatnazcatours.com\/es\/wp-json\/wp\/v2\/pages\/4330\/revisions"}],"predecessor-version":[{"id":5592,"href":"https:\/\/greatnazcatours.com\/es\/wp-json\/wp\/v2\/pages\/4330\/revisions\/5592"}],"wp:featuredmedia":[{"embeddable":true,"href":"https:\/\/greatnazcatours.com\/es\/wp-json\/wp\/v2\/media\/3821"}],"wp:attachment":[{"href":"https:\/\/greatnazcatours.com\/es\/wp-json\/wp\/v2\/media?parent=4330"}],"curies":[{"name":"wp","href":"https:\/\/api.w.org\/{rel}","templated":true}]}}